{"id":97,"date":"2013-08-06T20:13:19","date_gmt":"2013-08-06T20:13:19","guid":{"rendered":"http:\/\/localhost:8888\/test\/?page_id=17"},"modified":"2024-09-25T04:37:51","modified_gmt":"2024-09-25T04:37:51","slug":"trang-chu","status":"publish","type":"page","link":"https:\/\/banglaixequocteidp.com\/","title":{"rendered":"Trang ch\u1ee7"},"content":{"rendered":"\t<section class=\"section home_01\" id=\"section_948683222\">\n\t\t<div class=\"bg section-bg fill bg-fill  \" >\n\n\t\t\t\n\t\t\t\n\t\t\t\n\n\t\t<\/div>\n\n\t\t\n\n\t\t<div class=\"section-content relative\">\n\t\t\t\n<div class=\"row row-collapse\"  id=\"row-1232046486\">\n\n\t<div id=\"col-1653438986\" class=\"col medium-6 small-12 large-6\"  >\n\t\t\t\t<div class=\"col-inner text-center\"  >\n\t\t\t\n\t\t\t\n \n    <div class=\"block__element_head\">\n              <h2 class=\"heading\">\u0110\u00e0o t\u1ea1o l\u00e1i xe T\u1ea7ng 2 - 179 Nguy\u1ec5n Ng\u1ecdc V\u0169 - C\u1ea7u Gi\u1ea5y - H\u00e0 N\u1ed9i<\/h2>\n          <\/div>\n\n<ul>\n<li><a href=\"https:\/\/banglaixequocteidp.com\/wp-content\/uploads\/2023\/05\/svgexport-2.svg\"><img decoding=\"async\" loading=\"lazy\" class=\"alignnone size-full wp-image-4042\" src=\"https:\/\/banglaixequocteidp.com\/wp-content\/uploads\/2023\/05\/svgexport-2.svg\" alt=\"\" width=\"205\" height=\"205\" \/><\/a>BLX QU\u1ed0C T\u1ebe IDP \u0110I 73 N\u01af\u1edaC<\/li>\n<li><img decoding=\"async\" loading=\"lazy\" class=\"alignnone size-full wp-image-4042\" src=\"https:\/\/banglaixequocteidp.com\/wp-content\/uploads\/2023\/05\/svgexport-2.svg\" alt=\"\" width=\"205\" height=\"205\" \/>BLX QU\u1ed0C T\u1ebe IAA \u0110I 196 N\u01af\u1edaC<\/li>\n<li><img decoding=\"async\" loading=\"lazy\" class=\"alignnone size-full wp-image-4042\" src=\"https:\/\/banglaixequocteidp.com\/wp-content\/uploads\/2023\/05\/svgexport-2.svg\" alt=\"\" width=\"205\" height=\"205\" \/>BLX H\u00c0N, NH\u1eacT V\u1ec0 BLX VI\u1ec6T NAM<\/li>\n<li><img decoding=\"async\" loading=\"lazy\" class=\"alignnone size-full wp-image-4042\" src=\"https:\/\/banglaixequocteidp.com\/wp-content\/uploads\/2023\/05\/svgexport-2.svg\" alt=\"\" width=\"205\" height=\"205\" \/>BLX ANH, NGA, M\u1ef8, \u00daC V\u1ec0 BLX VI\u1ec6T NAM<\/li>\n<li><a href=\"https:\/\/banglaixequocteidp.com\/wp-content\/uploads\/2023\/05\/svgexport-2.svg\"><img decoding=\"async\" loading=\"lazy\" class=\"alignnone size-full wp-image-4042\" src=\"https:\/\/banglaixequocteidp.com\/wp-content\/uploads\/2023\/05\/svgexport-2.svg\" alt=\"\" width=\"205\" height=\"205\" \/><\/a>BLX CANADA, C\u1ed8NG HO\u00c0 S\u00c9C V\u1ec0 VI\u1ec6T NAM<\/li>\n<li><img decoding=\"async\" loading=\"lazy\" class=\"alignnone size-full wp-image-4042\" src=\"https:\/\/banglaixequocteidp.com\/wp-content\/uploads\/2023\/05\/svgexport-2.svg\" alt=\"\" width=\"205\" height=\"205\" \/>BLX TRUNG QU\u1ed0C, \u0110\u00c0I LOAN V\u1ec0 VI\u1ec6T NAM<\/li>\n<li><img decoding=\"async\" loading=\"lazy\" class=\"alignnone size-full wp-image-4042\" src=\"https:\/\/banglaixequocteidp.com\/wp-content\/uploads\/2023\/05\/svgexport-2.svg\" alt=\"\" width=\"205\" height=\"205\" \/>BLX N\u01af\u1edaC NGO\u00c0I V\u1ec0 BLX VI\u1ec6T NAM<\/li>\n<\/ul>\n\t<div class=\"img has-hover img_01 x md-x lg-x y md-y lg-y\" id=\"image_1959690545\">\n\t\t<a class=\"\" href=\"https:\/\/zalo.me\/0971745094\"  >\t\t\t\t\t\t<div class=\"img-inner dark\" >\n\t\t\t<img width=\"512\" height=\"110\" src=\"https:\/\/banglaixequocteidp.com\/wp-content\/uploads\/2023\/05\/unnamed-20211207041109.jpg\" class=\"attachment-large size-large\" alt=\"\" decoding=\"async\" loading=\"lazy\" \/>\t\t\t\t\t\t\n\t\t\t\t\t<\/div>\n\t\t\t\t\t\t<\/a>\t\t\n<style>\n#image_1959690545 {\n  width: 47%;\n}\n<\/style>\n\t<\/div>\n\t\n<a href=\"tel:0971745094\" target=\"_self\" class=\"button primary\"  style=\"border-radius:99px;\">\n    <span>Hotline: 0971745094<\/span>\n  <\/a>\n\n\t\t<\/div>\n\t\t\t\t\t<\/div>\n\n\t\n\n\t<div id=\"col-465979758\" class=\"col hide-for-small medium-6 small-12 large-6\"  >\n\t\t\t\t<div class=\"col-inner\"  >\n\t\t\t\n\t\t\t\n\t<div class=\"img has-hover img_02 x md-x lg-x y md-y lg-y\" id=\"image_418444646\">\n\t\t\t\t\t\t\t\t<div class=\"img-inner dark\" >\n\t\t\t<img width=\"469\" height=\"368\" src=\"https:\/\/banglaixequocteidp.com\/wp-content\/uploads\/2023\/05\/hoc-lai-xe-de-lam-gi-469x400-20211206170553.png\" class=\"attachment-large size-large\" alt=\"\" decoding=\"async\" loading=\"lazy\" \/>\t\t\t\t\t\t\n\t\t\t\t\t<\/div>\n\t\t\t\t\t\t\t\t\n<style>\n#image_418444646 {\n  width: 100%;\n}\n<\/style>\n\t<\/div>\n\t\n\t<div class=\"img has-hover img_03 x md-x lg-x y md-y lg-y\" id=\"image_164913530\">\n\t\t\t\t\t\t\t\t<div class=\"img-inner dark\" >\n\t\t\t<img width=\"1020\" height=\"442\" src=\"https:\/\/banglaixequocteidp.com\/wp-content\/uploads\/2023\/05\/xe-masy-20211206170228.png\" class=\"attachment-large size-large\" alt=\"\" decoding=\"async\" loading=\"lazy\" srcset=\"https:\/\/banglaixequocteidp.com\/wp-content\/uploads\/2023\/05\/xe-masy-20211206170228.png 1160w, https:\/\/banglaixequocteidp.com\/wp-content\/uploads\/2023\/05\/xe-masy-20211206170228-800x347.png 800w, https:\/\/banglaixequocteidp.com\/wp-content\/uploads\/2023\/05\/xe-masy-20211206170228-768x333.png 768w\" sizes=\"(max-width: 1020px) 100vw, 1020px\" \/>\t\t\t\t\t\t\n\t\t\t\t\t<\/div>\n\t\t\t\t\t\t\t\t\n<style>\n#image_164913530 {\n  width: 100%;\n}\n<\/style>\n\t<\/div>\n\t\n\t\t<\/div>\n\t\t\t\t\t<\/div>\n\n\t\n<\/div>\n\t<div class=\"img has-hover img_banner x md-x lg-x y md-y lg-y\" id=\"image_808235407\">\n\t\t\t\t\t\t\t\t<div class=\"img-inner dark\" >\n\t\t\t<img width=\"1020\" height=\"245\" src=\"https:\/\/banglaixequocteidp.com\/wp-content\/uploads\/2023\/05\/bg_01-1400x336.png\" class=\"attachment-large size-large\" alt=\"\" decoding=\"async\" loading=\"lazy\" srcset=\"https:\/\/banglaixequocteidp.com\/wp-content\/uploads\/2023\/05\/bg_01-1400x336.png 1400w, https:\/\/banglaixequocteidp.com\/wp-content\/uploads\/2023\/05\/bg_01-800x192.png 800w, https:\/\/banglaixequocteidp.com\/wp-content\/uploads\/2023\/05\/bg_01-768x184.png 768w, https:\/\/banglaixequocteidp.com\/wp-content\/uploads\/2023\/05\/bg_01-1536x369.png 1536w, https:\/\/banglaixequocteidp.com\/wp-content\/uploads\/2023\/05\/bg_01.png 1920w\" sizes=\"(max-width: 1020px) 100vw, 1020px\" \/>\t\t\t\t\t\t\n\t\t\t\t\t<\/div>\n\t\t\t\t\t\t\t\t\n<style>\n#image_808235407 {\n  width: 73%;\n}\n<\/style>\n\t<\/div>\n\t\n\t\t<\/div>\n\n\t\t\n<style>\n#section_948683222 {\n  padding-top: 0px;\n  padding-bottom: 0px;\n}\n#section_948683222 .section-bg.bg-loaded {\n  background-image: url(https:\/\/banglaixequocteidp.com\/wp-content\/uploads\/2023\/05\/untitled-20211112030744-20211206141445.png);\n}\n#section_948683222 .ux-shape-divider--top svg {\n  height: 150px;\n  --divider-top-width: 100%;\n}\n#section_948683222 .ux-shape-divider--bottom svg {\n  height: 150px;\n  --divider-width: 100%;\n}\n<\/style>\n\t<\/section>\n\t\n\t<section class=\"section home_02\" id=\"section_583284972\">\n\t\t<div class=\"bg section-bg fill bg-fill  bg-loaded\" >\n\n\t\t\t\n\t\t\t\n\t\t\t\n\n\t\t<\/div>\n\n\t\t\n\n\t\t<div class=\"section-content relative\">\n\t\t\t\n<div class=\"row\" style=\"max-width:985px\" id=\"row-1746682883\">\n\n\t<div id=\"col-1753759917\" class=\"col medium-6 small-12 large-6\"  >\n\t\t\t\t<div class=\"col-inner\"  >\n\t\t\t\n\t\t\t\n  <div class=\"box_img\">\n    <div class=\"box-title\">\n      <div class=\"ladi-number\">01<\/div>\n      <div class=\"ladi-title\">BLX_C\u0168_SANG_M\u1edaI<\/div>\n      <div class=\"ladi-line\"><\/div>\n      <div class=\"ladi-text\">250.000 \u0111\u1ed3ng<\/div>\n    <\/div>\n    <div class=\"b-anh\">\n              <img src=\"https:\/\/banglaixequocteidp.com\/wp-content\/uploads\/2023\/06\/z4467374250228_7c383d62ba0c7d0cc5014cdea0a07ba9.jpg\" alt=\"IMAGE\">\n    <\/div>\n  <\/div>\n\n\t\t<\/div>\n\t\t\t\t\n<style>\n#col-1753759917 > .col-inner {\n  padding: 0px 0px 30px 0px;\n}\n<\/style>\n\t<\/div>\n\n\t\n\n\t<div id=\"col-871365029\" class=\"col column_02 medium-6 small-12 large-6\"  >\n\t\t\t\t<div class=\"col-inner\"  >\n\t\t\t\n\t\t\t\n  <div class=\"box_img\">\n    <div class=\"box-title\">\n      <div class=\"ladi-number\">02<\/div>\n      <div class=\"ladi-title\">TH\u1ea4T L\u1ea0C B\u1eb0NG \u00d4_T\u00d4<\/div>\n      <div class=\"ladi-line\"><\/div>\n      <div class=\"ladi-text\">600.000 \u0111\u1ed3ng<\/div>\n    <\/div>\n    <div class=\"b-anh\">\n              <img src=\"https:\/\/banglaixequocteidp.com\/wp-content\/uploads\/2023\/06\/z4467377886710_efca3279934f16aec0a34985686324b7.jpg\" alt=\"IMAGE\">\n    <\/div>\n  <\/div>\n\n\t\t<\/div>\n\t\t\t\t\n<style>\n#col-871365029 > .col-inner {\n  padding: 0px 0px 30px 0px;\n}\n<\/style>\n\t<\/div>\n\n\t\n\n\t<div id=\"col-171727740\" class=\"col medium-6 small-12 large-6\"  >\n\t\t\t\t<div class=\"col-inner\"  >\n\t\t\t\n\t\t\t\n  <div class=\"box_img\">\n    <div class=\"box-title\">\n      <div class=\"ladi-number\">03<\/div>\n      <div class=\"ladi-title\">GIA_H\u1ea0N_BLX \u00d4_T\u00d4<\/div>\n      <div class=\"ladi-line\"><\/div>\n      <div class=\"ladi-text\">600.000 \u0111\u1ed3ng<\/div>\n    <\/div>\n    <div class=\"b-anh\">\n              <img src=\"https:\/\/banglaixequocteidp.com\/wp-content\/uploads\/2023\/06\/z4467373172921_79168924b087f9134f3213d0432d1055.jpg\" alt=\"IMAGE\">\n    <\/div>\n  <\/div>\n\n\t\t<\/div>\n\t\t\t\t\t<\/div>\n\n\t\n\n\t<div id=\"col-828783917\" class=\"col column_02 medium-6 small-12 large-6\"  >\n\t\t\t\t<div class=\"col-inner\"  >\n\t\t\t\n\t\t\t\n  <div class=\"box_img\">\n    <div class=\"box-title\">\n      <div class=\"ladi-number\">04<\/div>\n      <div class=\"ladi-title\">M\u1ea4T_B\u1eb0NG_ XE_M\u00c1Y<\/div>\n      <div class=\"ladi-line\"><\/div>\n      <div class=\"ladi-text\">250.000 \u0111\u1ed3ng<\/div>\n    <\/div>\n    <div class=\"b-anh\">\n              <img src=\"https:\/\/banglaixequocteidp.com\/wp-content\/uploads\/2023\/06\/z4466909976643_c53df4a7c2588cfeed047cce9c6d24dc.jpg\" alt=\"IMAGE\">\n    <\/div>\n  <\/div>\n\n\t\t<\/div>\n\t\t\t\t\t<\/div>\n\n\t\n<\/div>\n \n    <div class=\"block__element_head\">\n              <h2 class=\"heading\">D\u1ecaCH V\u1ee4<\/h2>\n          <\/div>\n\n\t\t<\/div>\n\n\t\t\n<style>\n#section_583284972 {\n  padding-top: 30px;\n  padding-bottom: 30px;\n  background-color: rgb(255, 255, 255);\n}\n#section_583284972 .ux-shape-divider--top svg {\n  height: 150px;\n  --divider-top-width: 100%;\n}\n#section_583284972 .ux-shape-divider--bottom svg {\n  height: 150px;\n  --divider-width: 100%;\n}\n@media (min-width:550px) {\n  #section_583284972 {\n    padding-top: 85px;\n    padding-bottom: 85px;\n  }\n}\n<\/style>\n\t<\/section>\n\t\n\t<section class=\"section home_02 home_02_1\" id=\"section_1947922795\">\n\t\t<div class=\"bg section-bg fill bg-fill  bg-loaded\" >\n\n\t\t\t\n\t\t\t\n\t\t\t\n\n\t\t<\/div>\n\n\t\t\n\n\t\t<div class=\"section-content relative\">\n\t\t\t\n<div class=\"row\" style=\"max-width:985px\" id=\"row-1012905522\">\n\n\t<div id=\"col-1425142960\" class=\"col medium-6 small-12 large-6\"  >\n\t\t\t\t<div class=\"col-inner\"  >\n\t\t\t\n\t\t\t\n  <div class=\"box_img\">\n    <div class=\"box-title\">\n      <div class=\"ladi-number\">05<\/div>\n      <div class=\"ladi-title\">M\u1ea4T B\u1eb0NG \u00d4-T\u00d4<\/div>\n      <div class=\"ladi-line\"><\/div>\n      <div class=\"ladi-text\">600.000 \u0111\u1ed3ng<\/div>\n    <\/div>\n    <div class=\"b-anh\">\n              <img src=\"https:\/\/banglaixequocteidp.com\/wp-content\/uploads\/2023\/06\/z4467371352154_7e35a6cbddce6c2c72e7539d36c5983a.jpg\" alt=\"IMAGE\">\n    <\/div>\n  <\/div>\n\n\t\t<\/div>\n\t\t\t\t\n<style>\n#col-1425142960 > .col-inner {\n  padding: 0px 0px 30px 0px;\n}\n<\/style>\n\t<\/div>\n\n\t\n\n\t<div id=\"col-777884872\" class=\"col column_02 medium-6 small-12 large-6\"  >\n\t\t\t\t<div class=\"col-inner\"  >\n\t\t\t\n\t\t\t\n  <div class=\"box_img\">\n    <div class=\"box-title\">\n      <div class=\"ladi-number\">06<\/div>\n      <div class=\"ladi-title\">C\u1ea4P L\u1ea0I B\u1eb0NG \u00d4_T\u00d4<\/div>\n      <div class=\"ladi-line\"><\/div>\n      <div class=\"ladi-text\">600.000 \u0111\u1ed3ng<\/div>\n    <\/div>\n    <div class=\"b-anh\">\n              <img src=\"https:\/\/banglaixequocteidp.com\/wp-content\/uploads\/2023\/06\/z4466936104591_a06c5134aa2c137164295fce274d9ef7.jpg\" alt=\"IMAGE\">\n    <\/div>\n  <\/div>\n\n\t\t<\/div>\n\t\t\t\t\n<style>\n#col-777884872 > .col-inner {\n  padding: 0px 0px 30px 0px;\n}\n<\/style>\n\t<\/div>\n\n\t\n\n\t<div id=\"col-1451956258\" class=\"col medium-6 small-12 large-6\"  >\n\t\t\t\t<div class=\"col-inner\"  >\n\t\t\t\n\t\t\t\n  <div class=\"box_img\">\n    <div class=\"box-title\">\n      <div class=\"ladi-number\">07<\/div>\n      <div class=\"ladi-title\">BLX QU\u1ed0C_T\u1ebe<\/div>\n      <div class=\"ladi-line\"><\/div>\n      <div class=\"ladi-text\">1500.000 \u0111\u1ed3ng<\/div>\n    <\/div>\n    <div class=\"b-anh\">\n              <img src=\"https:\/\/banglaixequocteidp.com\/wp-content\/uploads\/2023\/06\/z4466603740870_7e0f649215e51ae442c04dd513c06eb9.jpg\" alt=\"IMAGE\">\n    <\/div>\n  <\/div>\n\n\t\t<\/div>\n\t\t\t\t\t<\/div>\n\n\t\n\n\t<div id=\"col-1728719148\" class=\"col column_02 medium-6 small-12 large-6\"  >\n\t\t\t\t<div class=\"col-inner\"  >\n\t\t\t\n\t\t\t\n  <div class=\"box_img\">\n    <div class=\"box-title\">\n      <div class=\"ladi-number\">08<\/div>\n      <div class=\"ladi-title\">BLX N\u01af\u1edaC NGO\u00c0I V\u1ec0 BLX VI\u1ec6T NAM<\/div>\n      <div class=\"ladi-line\"><\/div>\n      <div class=\"ladi-text\">1500.000 \u0111\u1ed3ng<\/div>\n    <\/div>\n    <div class=\"b-anh\">\n              <img src=\"https:\/\/banglaixequocteidp.com\/wp-content\/uploads\/2023\/06\/z4466643725070_f25c666e60086ea3e05ccd70098f272f.jpg\" alt=\"IMAGE\">\n    <\/div>\n  <\/div>\n\n\t\t<\/div>\n\t\t\t\t\t<\/div>\n\n\t\n<\/div>\n \n    <div class=\"block__element_head\">\n              <h2 class=\"heading\">D\u1ecaCH V\u1ee4<\/h2>\n          <\/div>\n\n\t\t<\/div>\n\n\t\t\n<style>\n#section_1947922795 {\n  padding-top: 85px;\n  padding-bottom: 85px;\n  background-color: rgb(255, 255, 255);\n}\n#section_1947922795 .ux-shape-divider--top svg {\n  height: 150px;\n  --divider-top-width: 100%;\n}\n#section_1947922795 .ux-shape-divider--bottom svg {\n  height: 150px;\n  --divider-width: 100%;\n}\n<\/style>\n\t<\/section>\n\t\n\t<section class=\"section home_04\" id=\"section_555953424\">\n\t\t<div class=\"bg section-bg fill bg-fill  bg-loaded\" >\n\n\t\t\t\n\t\t\t\n\t\t\t\n\n\t\t<\/div>\n\n\t\t\n\n\t\t<div class=\"section-content relative\">\n\t\t\t\n<div class=\"row\" style=\"max-width:1085px\" id=\"row-1590870892\">\n\n\t<div id=\"col-1802578665\" class=\"col small-12 large-12\"  >\n\t\t\t\t<div class=\"col-inner\"  >\n\t\t\t\n\t\t\t\n<h2 style=\"text-align: center;\"><span style=\"color: #000000; font-size: 28px;\"><strong>Trung T\u00e2m BLX Th\u00e0nh C\u00f4ng<\/strong><\/span><br \/>\n<span style=\"color: #000000; font-size: 28px;\"><strong>H\u1ed7 tr\u1ee3 b\u1ea1n c\u00e1c th\u1ee7 t\u1ee5c v\u1ec1 BLX<\/strong><\/span><\/h2>\n<p style=\"text-align: center;\"><span style=\"font-size: 24px;\"><strong><span style=\"color: #000000;\">BLX Qu\u1ed1c T\u1ebf IAA<\/span><\/strong><\/span><br \/>\n<span style=\"font-size: 24px;\"><strong><span style=\"color: #000000;\">GPLX Qu\u1ed1c T\u1ebf IDP<\/span><\/strong><\/span><br \/>\n<span style=\"font-size: 24px;\"><strong><span style=\"color: #000000;\">BLX N\u01b0\u1edbc Ngo\u00e0i V\u1ec1 BLX Vi\u1ec7t Nam <\/span><\/strong><\/span><br \/>\n<span style=\"font-size: 24px;\"><strong><span style=\"color: #000000;\">Ngo\u00e0i ra trung t\u00e2m h\u1ed7 tr\u1ee3 :<\/span><\/strong><\/span><\/p>\n\t\t<\/div>\n\t\t\t\t\t<\/div>\n\n\t\n\n\t<div id=\"col-1738786955\" class=\"col medium-4 small-12 large-4\"  >\n\t\t\t\t<div class=\"col-inner text-center\"  >\n\t\t\t\n\t\t\t\n  <div class=\"ladi-group\">\n    <div class=\"bg-image\">\n              <img src=\"https:\/\/banglaixequocteidp.com\/wp-content\/uploads\/2023\/05\/bg_image_title.png\" alt=\"IMAGE\">\n    <\/div>\n    <div class=\"image_element\">\n              <img src=\"https:\/\/banglaixequocteidp.com\/wp-content\/uploads\/2023\/05\/anhdai_01.jpg\" alt=\"IMAGE\">\n    <\/div>\n    <div class=\"title-image\">B\u1eb1ng m\u1ea5t, c\u0169, h\u1ecfng, n\u00e1t<\/div>\n  <\/div>\n\n\t\t<\/div>\n\t\t\t\t\t<\/div>\n\n\t\n\n\t<div id=\"col-5431186\" class=\"col medium-4 small-12 large-4\"  >\n\t\t\t\t<div class=\"col-inner text-center\"  >\n\t\t\t\n\t\t\t\n  <div class=\"ladi-group\">\n    <div class=\"bg-image\">\n              <img src=\"https:\/\/banglaixequocteidp.com\/wp-content\/uploads\/2023\/05\/bg_image_title.png\" alt=\"IMAGE\">\n    <\/div>\n    <div class=\"image_element\">\n              <img src=\"https:\/\/banglaixequocteidp.com\/wp-content\/uploads\/2023\/05\/anhdai_02.jpg\" alt=\"IMAGE\">\n    <\/div>\n    <div class=\"title-image\">B\u1eb1ng qu\u00e1 h\u1ea1n, sai th\u00f4ng tin<\/div>\n  <\/div>\n\n\t\t<\/div>\n\t\t\t\t\t<\/div>\n\n\t\n\n\t<div id=\"col-1561596166\" class=\"col medium-4 small-12 large-4\"  >\n\t\t\t\t<div class=\"col-inner text-center\"  >\n\t\t\t\n\t\t\t\n  <div class=\"ladi-group\">\n    <div class=\"bg-image\">\n              <img src=\"https:\/\/banglaixequocteidp.com\/wp-content\/uploads\/2023\/05\/bg_image_title.png\" alt=\"IMAGE\">\n    <\/div>\n    <div class=\"image_element\">\n              <img src=\"https:\/\/banglaixequocteidp.com\/wp-content\/uploads\/2023\/06\/z4466605946393_f7464f2758fb247d674ab1bbbe2b4386.jpg\" alt=\"IMAGE\">\n    <\/div>\n    <div class=\"title-image\">B\u1eb1ng qu\u1ed1c t\u1ebf \u0111\u1ec3 \u0111i n\u01b0\u1edbc ngo\u00e0i<\/div>\n  <\/div>\n\n\t\t<\/div>\n\t\t\t\t\t<\/div>\n\n\t\n<\/div>\n\t\t<\/div>\n\n\t\t\n<style>\n#section_555953424 {\n  padding-top: 0px;\n  padding-bottom: 0px;\n  background-color: rgb(255, 255, 255);\n}\n#section_555953424 .ux-shape-divider--top svg {\n  height: 150px;\n  --divider-top-width: 100%;\n}\n#section_555953424 .ux-shape-divider--bottom svg {\n  height: 150px;\n  --divider-width: 100%;\n}\n<\/style>\n\t<\/section>\n\t\n\t<section class=\"section home_03\" id=\"section_950787303\">\n\t\t<div class=\"bg section-bg fill bg-fill  \" >\n\n\t\t\t\n\t\t\t\n\t\t\t\n\n\t\t<\/div>\n\n\t\t\n\n\t\t<div class=\"section-content relative\">\n\t\t\t\n<div class=\"row\" style=\"max-width:945px\" id=\"row-1420632297\">\n\n\t<div id=\"col-524597720\" class=\"col small-12 large-12\"  >\n\t\t\t\t<div class=\"col-inner\"  >\n\t\t\t\n\t\t\t\n \n    <div class=\"block__element_head\">\n              <h2 class=\"heading\">B\u1eb1ng L\u00e1i Qu\u1ed1c T\u1ebf Th\u00e0nh C\u00f4ng<\/h2>\n          <\/div>\n\n \n    <div class=\"block__element_head\">\n              <h2 class=\"heading\">Qu\u1ed1c T\u1ebf IAA Uy T\u00edn<\/h2>\n          <\/div>\n\n \n    <div class=\"block__element_head\">\n              <h2 class=\"heading\">S\u1eed D\u1ee5ng 196 n\u01b0\u1edbc<\/h2>\n          <\/div>\n\n \n    <div class=\"block__element_head\">\n              <h2 class=\"heading\">8 Ng\u00e0y C\u00f3 B\u1eb1ng<\/h2>\n          <\/div>\n\n<p style=\"text-align: center;\"><span style=\"font-size: 24px;\"><strong><span style=\"color: #ffffff;\">Lo\u1ea1i 3 n\u0103m : 1700K<\/span><\/strong><\/span><br \/>\n<span style=\"font-size: 24px;\"><strong><span style=\"color: #ffffff;\">Lo\u1ea1i 5 n\u0103m : 1900K<\/span><\/strong><\/span><br \/>\n<span style=\"font-size: 24px;\"><strong><span style=\"color: #ffffff;\">Lo\u1ea1i 10 n\u0103m : 2200K<\/span><\/strong><\/span><br \/>\n<span style=\"font-size: 24px;\"><strong><span style=\"color: #ffffff;\">Lo\u1ea1i 20 n\u0103m : 2600K<\/span><\/strong><\/span><\/p>\n\t<div class=\"img has-hover x md-x lg-x y md-y lg-y\" id=\"image_1835777651\">\n\t\t\t\t\t\t\t\t<div class=\"img-inner dark\" >\n\t\t\t<img width=\"600\" height=\"800\" src=\"https:\/\/banglaixequocteidp.com\/wp-content\/uploads\/2023\/06\/z4466929052022_30afe6e839fc4eb2a3a92912ab85ca45-600x800.jpg\" class=\"attachment-large size-large\" alt=\"\" decoding=\"async\" loading=\"lazy\" srcset=\"https:\/\/banglaixequocteidp.com\/wp-content\/uploads\/2023\/06\/z4466929052022_30afe6e839fc4eb2a3a92912ab85ca45-600x800.jpg 600w, https:\/\/banglaixequocteidp.com\/wp-content\/uploads\/2023\/06\/z4466929052022_30afe6e839fc4eb2a3a92912ab85ca45-300x400.jpg 300w, https:\/\/banglaixequocteidp.com\/wp-content\/uploads\/2023\/06\/z4466929052022_30afe6e839fc4eb2a3a92912ab85ca45-768x1024.jpg 768w, https:\/\/banglaixequocteidp.com\/wp-content\/uploads\/2023\/06\/z4466929052022_30afe6e839fc4eb2a3a92912ab85ca45.jpg 960w\" sizes=\"(max-width: 600px) 100vw, 600px\" \/>\t\t\t\t\t\t\n\t\t\t\t\t<\/div>\n\t\t\t\t\t\t\t\t\n<style>\n#image_1835777651 {\n  width: 100%;\n}\n<\/style>\n\t<\/div>\n\t\n\t<div class=\"img has-hover x md-x lg-x y md-y lg-y\" id=\"image_2115313019\">\n\t\t\t\t\t\t\t\t<div class=\"img-inner dark\" >\n\t\t\t<img width=\"596\" height=\"617\" src=\"https:\/\/banglaixequocteidp.com\/wp-content\/uploads\/2024\/07\/b2.jpg\" class=\"attachment-original size-original\" alt=\"\" decoding=\"async\" loading=\"lazy\" srcset=\"https:\/\/banglaixequocteidp.com\/wp-content\/uploads\/2024\/07\/b2.jpg 596w, https:\/\/banglaixequocteidp.com\/wp-content\/uploads\/2024\/07\/b2-386x400.jpg 386w\" sizes=\"(max-width: 596px) 100vw, 596px\" \/>\t\t\t\t\t\t\n\t\t\t\t\t<\/div>\n\t\t\t\t\t\t\t\t\n<style>\n#image_2115313019 {\n  width: 100%;\n}\n<\/style>\n\t<\/div>\n\t\n\t\t<\/div>\n\t\t\t\t\t<\/div>\n\n\t\n<\/div>\n\t\t<\/div>\n\n\t\t\n<style>\n#section_950787303 {\n  padding-top: 30px;\n  padding-bottom: 30px;\n}\n#section_950787303 .section-bg.bg-loaded {\n  background-image: url(https:\/\/banglaixequocteidp.com\/wp-content\/uploads\/2023\/05\/bg.png);\n}\n#section_950787303 .ux-shape-divider--top svg {\n  height: 150px;\n  --divider-top-width: 100%;\n}\n#section_950787303 .ux-shape-divider--bottom svg {\n  height: 150px;\n  --divider-width: 100%;\n}\n<\/style>\n\t<\/section>\n\t\n","protected":false},"excerpt":{"rendered":"","protected":false},"author":1,"featured_media":11,"parent":0,"menu_order":14,"comment_status":"closed","ping_status":"closed","template":"page-blank.php","meta":{"inline_featured_image":false},"yoast_head":"<!-- This site is optimized with the Yoast SEO plugin v20.7 - https:\/\/yoast.com\/wordpress\/plugins\/seo\/ -->\n<title>dlxtienbo<\/title>\n<meta name=\"robots\" content=\"index, follow, max-snippet:-1, max-image-preview:large, max-video-preview:-1\" \/>\n<link rel=\"canonical\" href=\"https:\/\/banglaixequocteidp.com\/\" \/>\n<meta property=\"og:locale\" content=\"vi_VN\" \/>\n<meta property=\"og:type\" content=\"article\" \/>\n<meta property=\"og:title\" content=\"dlxtienbo\" \/>\n<meta property=\"og:url\" content=\"https:\/\/banglaixequocteidp.com\/\" \/>\n<meta property=\"og:site_name\" content=\"dlxtienbo\" \/>\n<meta property=\"article:modified_time\" content=\"2024-09-25T04:37:51+00:00\" \/>\n<meta name=\"twitter:card\" content=\"summary_large_image\" \/>\n<meta name=\"twitter:label1\" content=\"\u01af\u1edbc t\u00ednh th\u1eddi gian \u0111\u1ecdc\" \/>\n\t<meta name=\"twitter:data1\" content=\"4 ph\u00fat\" \/>\n<script type=\"application\/ld+json\" class=\"yoast-schema-graph\">{\"@context\":\"https:\/\/schema.org\",\"@graph\":[{\"@type\":\"WebPage\",\"@id\":\"https:\/\/banglaixequocteidp.com\/\",\"url\":\"https:\/\/banglaixequocteidp.com\/\",\"name\":\"dlxtienbo\",\"isPartOf\":{\"@id\":\"https:\/\/banglaixequocteidp.com\/#website\"},\"datePublished\":\"2013-08-06T20:13:19+00:00\",\"dateModified\":\"2024-09-25T04:37:51+00:00\",\"breadcrumb\":{\"@id\":\"https:\/\/banglaixequocteidp.com\/#breadcrumb\"},\"inLanguage\":\"vi\",\"potentialAction\":[{\"@type\":\"ReadAction\",\"target\":[\"https:\/\/banglaixequocteidp.com\/\"]}]},{\"@type\":\"BreadcrumbList\",\"@id\":\"https:\/\/banglaixequocteidp.com\/#breadcrumb\",\"itemListElement\":[{\"@type\":\"ListItem\",\"position\":1,\"name\":\"Trang ch\u1ee7\",\"item\":\"https:\/\/banglaixequocteidp.com\/\"},{\"@type\":\"ListItem\",\"position\":2,\"name\":\"Trang ch\u1ee7\"}]},{\"@type\":\"WebSite\",\"@id\":\"https:\/\/banglaixequocteidp.com\/#website\",\"url\":\"https:\/\/banglaixequocteidp.com\/\",\"name\":\"dlxtienbo\",\"description\":\"dlxtienbo\",\"potentialAction\":[{\"@type\":\"SearchAction\",\"target\":{\"@type\":\"EntryPoint\",\"urlTemplate\":\"https:\/\/banglaixequocteidp.com\/?s={search_term_string}\"},\"query-input\":\"required name=search_term_string\"}],\"inLanguage\":\"vi\"}]}<\/script>\n<!-- \/ Yoast SEO plugin. -->","yoast_head_json":{"title":"dlxtienbo","robots":{"index":"index","follow":"follow","max-snippet":"max-snippet:-1","max-image-preview":"max-image-preview:large","max-video-preview":"max-video-preview:-1"},"canonical":"https:\/\/banglaixequocteidp.com\/","og_locale":"vi_VN","og_type":"article","og_title":"dlxtienbo","og_url":"https:\/\/banglaixequocteidp.com\/","og_site_name":"dlxtienbo","article_modified_time":"2024-09-25T04:37:51+00:00","twitter_card":"summary_large_image","twitter_misc":{"\u01af\u1edbc t\u00ednh th\u1eddi gian \u0111\u1ecdc":"4 ph\u00fat"},"schema":{"@context":"https:\/\/schema.org","@graph":[{"@type":"WebPage","@id":"https:\/\/banglaixequocteidp.com\/","url":"https:\/\/banglaixequocteidp.com\/","name":"dlxtienbo","isPartOf":{"@id":"https:\/\/banglaixequocteidp.com\/#website"},"datePublished":"2013-08-06T20:13:19+00:00","dateModified":"2024-09-25T04:37:51+00:00","breadcrumb":{"@id":"https:\/\/banglaixequocteidp.com\/#breadcrumb"},"inLanguage":"vi","potentialAction":[{"@type":"ReadAction","target":["https:\/\/banglaixequocteidp.com\/"]}]},{"@type":"BreadcrumbList","@id":"https:\/\/banglaixequocteidp.com\/#breadcrumb","itemListElement":[{"@type":"ListItem","position":1,"name":"Trang ch\u1ee7","item":"https:\/\/banglaixequocteidp.com\/"},{"@type":"ListItem","position":2,"name":"Trang ch\u1ee7"}]},{"@type":"WebSite","@id":"https:\/\/banglaixequocteidp.com\/#website","url":"https:\/\/banglaixequocteidp.com\/","name":"dlxtienbo","description":"dlxtienbo","potentialAction":[{"@type":"SearchAction","target":{"@type":"EntryPoint","urlTemplate":"https:\/\/banglaixequocteidp.com\/?s={search_term_string}"},"query-input":"required name=search_term_string"}],"inLanguage":"vi"}]}},"_links":{"self":[{"href":"https:\/\/banglaixequocteidp.com\/index.php?rest_route=\/wp\/v2\/pages\/97"}],"collection":[{"href":"https:\/\/banglaixequocteidp.com\/index.php?rest_route=\/wp\/v2\/pages"}],"about":[{"href":"https:\/\/banglaixequocteidp.com\/index.php?rest_route=\/wp\/v2\/types\/page"}],"author":[{"embeddable":true,"href":"https:\/\/banglaixequocteidp.com\/index.php?rest_route=\/wp\/v2\/users\/1"}],"replies":[{"embeddable":true,"href":"https:\/\/banglaixequocteidp.com\/index.php?rest_route=%2Fwp%2Fv2%2Fcomments&post=97"}],"version-history":[{"count":807,"href":"https:\/\/banglaixequocteidp.com\/index.php?rest_route=\/wp\/v2\/pages\/97\/revisions"}],"predecessor-version":[{"id":4191,"href":"https:\/\/banglaixequocteidp.com\/index.php?rest_route=\/wp\/v2\/pages\/97\/revisions\/4191"}],"wp:featuredmedia":[{"embeddable":true,"href":"https:\/\/banglaixequocteidp.com\/index.php?rest_route=\/"}],"wp:attachment":[{"href":"https:\/\/banglaixequocteidp.com\/index.php?rest_route=%2Fwp%2Fv2%2Fmedia&parent=97"}],"curies":[{"name":"wp","href":"https:\/\/api.w.org\/{rel}","templated":true}]}}